{"id":87,"date":"2016-01-27T19:36:29","date_gmt":"2016-01-27T19:36:29","guid":{"rendered":"https:\/\/fiarse.wordpress.com\/?page_id=87"},"modified":"2021-12-19T11:44:19","modified_gmt":"2021-12-19T10:44:19","slug":"quienes-somos-2","status":"publish","type":"page","link":"http:\/\/fiarse.com\/?page_id=87","title":{"rendered":"Presentaci\u00f3n"},"content":{"rendered":"<p class=\"font_7\">Soy Luc\u00eda Fern\u00e1ndez, abogada ejerciente y colegiada en el Colegio de Abogados de Madrid. Mi trayectoria y experiencia profesional est\u00e1 reconocida por las acciones desarrolladas en el sector privado del consumo, es decir, en organizaciones de consumidores (ADICAE, UCE-Asturias, OCU).<\/p>\n<p class=\"font_7\">He sido testigo\u00a0 de todas las injusticias, irregularidades y desmanes de la banca, as\u00ed como la permisibilidad de los pol\u00edticos y las instituciones reguladoras sobre este sector que, a la postre, ha ocasionado la actual crisis financiera, consideramos que existen una serie de factores que han contribuido al desarrollo de nuestro proyecto:<\/p>\n<p class=\"font_7\">1- La desprotecci\u00f3n que sufren los consumidores.<\/p>\n<p class=\"font_7\">2- La falta o inexistencia de cultura financiera b\u00e1sica.<\/p>\n<p class=\"font_7\">3-La dificultad para encontrar asesoramiento.<\/p>\n<p class=\"font_7\">El objetivo de <span style=\"color: #0000ff;\"><strong>FIARSE<\/strong><\/span> es proporcionar informaci\u00f3n y asesoramiento a los particulares sobre temas espec\u00edficos del mundo del consumo, especialmente, el bancario y financiero, pero tambi\u00e9n el sector de las telecomunicaciones, suministro el\u00e9ctrico, transportes, e-commerce, arrendamientos urbanos, multas y engloba todas las acciones para la defensa extrajudicial de los usuarios\/as.<\/p>\n<p class=\"font_7\">Tambi\u00e9n tengo una gran experiencia en acciones formativas sobre temas espec\u00edficos del consumo financiero a trav\u00e9s de charlas, talleres y conferencias, por ejemplo, para la <a href=\"https:\/\/campusconsumomadrid.org\/pages\/login\/\">Direcci\u00f3n General de consumo de la CAM<\/a> y el Ministerio de Consumo . Por este motivo, entendemos que es fundamental la formaci\u00f3n para aumentar la prevenci\u00f3n y el conocimiento del usuario\/a de sus derechos y obligaciones.<\/p>\n<p class=\"font_7\">Las bases de nuestro proyecto, en definitiva, son:<\/p>\n<p class=\"font_7\">\u200b\u200b\u200b*Acciones concretas de protecci\u00f3n y defensa de los consumidores (extra y judicialmente)<\/p>\n<p class=\"font_7\">*Formaci\u00f3n y asesoramiento para conseguir una cultura financiera b\u00e1sica (talleres, cursos y jornadas)<\/p>\n<p class=\"font_7\">*Generar espacios de asesoramiento, negociaci\u00f3n y mediaci\u00f3n.<\/p>\n<p>Si deseas ponerte en contacto conmigo para valorar alguna acci\u00f3n formativa, ponencia o curso espec\u00edfico, utiliza el siguiente formulario:<\/p>\n<p class=\"font_7\"><strong><span style=\"color: #0000ff;\">FORMULARIO DE CONTACTO<\/span><\/strong><\/p>\n<p class=\"font_7\"><div role=\"form\" class=\"wpcf7\" id=\"wpcf7-f777-o1\" lang=\"es-ES\" dir=\"ltr\">\n<div class=\"screen-reader-response\"><p role=\"status\" aria-live=\"polite\" aria-atomic=\"true\"><\/p> <ul><\/ul><\/div>\n<form action=\"\/index.php?rest_route=%2Fwp%2Fv2%2Fpages%2F87#wpcf7-f777-o1\" method=\"post\" class=\"wpcf7-form init\" novalidate=\"novalidate\" data-status=\"init\">\n<div style=\"display: none;\">\n<input type=\"hidden\" name=\"_wpcf7\" value=\"777\" \/>\n<input type=\"hidden\" name=\"_wpcf7_version\" value=\"5.6.4\" \/>\n<input type=\"hidden\" name=\"_wpcf7_locale\" value=\"es_ES\" \/>\n<input type=\"hidden\" name=\"_wpcf7_unit_tag\" value=\"wpcf7-f777-o1\" \/>\n<input type=\"hidden\" name=\"_wpcf7_container_post\" value=\"0\" \/>\n<input type=\"hidden\" name=\"_wpcf7_posted_data_hash\" value=\"\" \/>\n<\/div>\n<p><label> Nombre (requerido)<br \/>\n    <span class=\"wpcf7-form-control-wrap\" data-name=\"your-name\"><input type=\"text\" name=\"your-name\" value=\"\" size=\"40\" class=\"wpcf7-form-control wpcf7-text wpcf7-validates-as-required\" aria-required=\"true\" aria-invalid=\"false\" \/><\/span> <\/label><\/p>\n<p><label> Tu correo electr\u00f3nico (requerido)<br \/>\n    <span class=\"wpcf7-form-control-wrap\" data-name=\"your-email\"><input type=\"email\" name=\"your-email\" value=\"\" size=\"40\" class=\"wpcf7-form-control wpcf7-text wpcf7-email wpcf7-validates-as-required wpcf7-validates-as-email\" aria-required=\"true\" aria-invalid=\"false\" \/><\/span> <\/label><\/p>\n<p><label> Asunto<br \/>\n    <span class=\"wpcf7-form-control-wrap\" data-name=\"your-subject\"><input type=\"text\" name=\"your-subject\" value=\"\" size=\"40\" class=\"wpcf7-form-control wpcf7-text\" aria-invalid=\"false\" \/><\/span> <\/label><\/p>\n<p><label> Mensaje<br \/>\n    <span class=\"wpcf7-form-control-wrap\" data-name=\"your-message\"><textarea name=\"your-message\" cols=\"40\" rows=\"10\" class=\"wpcf7-form-control wpcf7-textarea\" aria-invalid=\"false\"><\/textarea><\/span> <\/label><\/p>\n<p><input type=\"submit\" value=\"Enviar\" class=\"wpcf7-form-control has-spinner wpcf7-submit\" \/><\/p>\n<p style=\"display: none !important;\" class=\"akismet-fields-container\" data-prefix=\"_wpcf7_ak_\"><label>&#916;<textarea name=\"_wpcf7_ak_hp_textarea\" cols=\"45\" rows=\"8\" maxlength=\"100\"><\/textarea><\/label><input type=\"hidden\" id=\"ak_js_1\" name=\"_wpcf7_ak_js\" value=\"242\"\/><script>document.getElementById( \"ak_js_1\" ).setAttribute( \"value\", ( new Date() ).getTime() );<\/script><\/p><div class=\"wpcf7-response-output\" aria-hidden=\"true\"><\/div><\/form><\/div><\/p>\n<p class=\"font_7\">\u200b<\/p>\n","protected":false},"excerpt":{"rendered":"<p>Soy Luc\u00eda Fern\u00e1ndez, abogada ejerciente y colegiada en el Colegio de Abogados de Madrid. Mi trayectoria y experiencia profesional est\u00e1 reconocida por las acciones desarrolladas en el sector privado del consumo, es decir, en organizaciones de consumidores (ADICAE, UCE-Asturias, OCU). He sido testigo\u00a0 de todas las injusticias, irregularidades y desmanes de la banca, as\u00ed como &hellip; <a href=\"http:\/\/fiarse.com\/?page_id=87\" class=\"more-link\">Sigue leyendo <span class=\"screen-reader-text\">Presentaci\u00f3n<\/span><\/a><\/p>\n","protected":false},"author":1,"featured_media":887,"parent":0,"menu_order":0,"comment_status":"closed","ping_status":"closed","template":"","meta":{"jetpack_post_was_ever_published":false,"footnotes":""},"jetpack_sharing_enabled":true,"jetpack_shortlink":"https:\/\/wp.me\/P8pMEI-1p","_links":{"self":[{"href":"http:\/\/fiarse.com\/index.php?rest_route=\/wp\/v2\/pages\/87"}],"collection":[{"href":"http:\/\/fiarse.com\/index.php?rest_route=\/wp\/v2\/pages"}],"about":[{"href":"http:\/\/fiarse.com\/index.php?rest_route=\/wp\/v2\/types\/page"}],"author":[{"embeddable":true,"href":"http:\/\/fiarse.com\/index.php?rest_route=\/wp\/v2\/users\/1"}],"replies":[{"embeddable":true,"href":"http:\/\/fiarse.com\/index.php?rest_route=%2Fwp%2Fv2%2Fcomments&post=87"}],"version-history":[{"count":5,"href":"http:\/\/fiarse.com\/index.php?rest_route=\/wp\/v2\/pages\/87\/revisions"}],"predecessor-version":[{"id":1291,"href":"http:\/\/fiarse.com\/index.php?rest_route=\/wp\/v2\/pages\/87\/revisions\/1291"}],"wp:featuredmedia":[{"embeddable":true,"href":"http:\/\/fiarse.com\/index.php?rest_route=\/wp\/v2\/media\/887"}],"wp:attachment":[{"href":"http:\/\/fiarse.com\/index.php?rest_route=%2Fwp%2Fv2%2Fmedia&parent=87"}],"curies":[{"name":"wp","href":"https:\/\/api.w.org\/{rel}","templated":true}]}}