{"id":70,"date":"2016-01-26T18:49:43","date_gmt":"2016-01-26T18:49:43","guid":{"rendered":"https:\/\/fiarse.wordpress.com\/?page_id=70"},"modified":"2017-02-18T18:51:11","modified_gmt":"2017-02-18T17:51:11","slug":"inexistencia-de-cultura-financiera","status":"publish","type":"page","link":"http:\/\/fiarse.com\/?page_id=70","title":{"rendered":"Inexistencia de cultura financiera"},"content":{"rendered":"<div id=\"WRchTxt1d-zdr\" class=\"s4\">\n<p class=\"font_7\"><img loading=\"lazy\" decoding=\"async\" class=\" size-medium wp-image-76 alignleft\" src=\"http:\/\/fiarse.com\/wp-content\/uploads\/2016\/01\/books-484766_1280.jpg?w=300\" alt=\"books-484766_1280\" width=\"300\" height=\"200\" srcset=\"http:\/\/fiarse.com\/wp-content\/uploads\/2016\/01\/books-484766_1280.jpg 1280w, http:\/\/fiarse.com\/wp-content\/uploads\/2016\/01\/books-484766_1280-300x200.jpg 300w, http:\/\/fiarse.com\/wp-content\/uploads\/2016\/01\/books-484766_1280-768x512.jpg 768w, http:\/\/fiarse.com\/wp-content\/uploads\/2016\/01\/books-484766_1280-1024x682.jpg 1024w\" sizes=\"(max-width: 300px) 100vw, 300px\" \/><\/p>\n<p class=\"font_7\">En estos momentos de crisis econ\u00f3mica y dada la situaci\u00f3n de precariedad en la que se encuentra el consumidor, privado en la mayor\u00eda de los casos de asesoramiento y formaci\u00f3n espec\u00edfica, consideramos\u00a0que la educaci\u00f3n financiera debe ser un objetivo vital a corto y medio plazo.<\/p>\n<p class=\"font_7\">El conocimiento de aspectos b\u00e1sicos en materia financiera y bancaria que son \u00fatiles para nuestro d\u00eda a d\u00eda, as\u00ed como, saber realizar y gestionar una reclamaci\u00f3n son aspectos que entendemos primordiales.<\/p>\n<\/div>\n","protected":false},"excerpt":{"rendered":"<p>En estos momentos de crisis econ\u00f3mica y dada la situaci\u00f3n de precariedad en la que se encuentra el consumidor, privado en la mayor\u00eda de los casos de asesoramiento y formaci\u00f3n espec\u00edfica, consideramos\u00a0que la educaci\u00f3n financiera debe ser un objetivo vital a corto y medio plazo. El conocimiento de aspectos b\u00e1sicos en materia financiera y bancaria &hellip; <a href=\"http:\/\/fiarse.com\/?page_id=70\" class=\"more-link\">Sigue leyendo <span class=\"screen-reader-text\">Inexistencia de cultura financiera<\/span><\/a><\/p>\n","protected":false},"author":1,"featured_media":0,"parent":0,"menu_order":0,"comment_status":"closed","ping_status":"closed","template":"","meta":{"jetpack_post_was_ever_published":false,"footnotes":""},"jetpack_sharing_enabled":true,"jetpack_shortlink":"https:\/\/wp.me\/P8pMEI-18","_links":{"self":[{"href":"http:\/\/fiarse.com\/index.php?rest_route=\/wp\/v2\/pages\/70"}],"collection":[{"href":"http:\/\/fiarse.com\/index.php?rest_route=\/wp\/v2\/pages"}],"about":[{"href":"http:\/\/fiarse.com\/index.php?rest_route=\/wp\/v2\/types\/page"}],"author":[{"embeddable":true,"href":"http:\/\/fiarse.com\/index.php?rest_route=\/wp\/v2\/users\/1"}],"replies":[{"embeddable":true,"href":"http:\/\/fiarse.com\/index.php?rest_route=%2Fwp%2Fv2%2Fcomments&post=70"}],"version-history":[{"count":1,"href":"http:\/\/fiarse.com\/index.php?rest_route=\/wp\/v2\/pages\/70\/revisions"}],"predecessor-version":[{"id":793,"href":"http:\/\/fiarse.com\/index.php?rest_route=\/wp\/v2\/pages\/70\/revisions\/793"}],"wp:attachment":[{"href":"http:\/\/fiarse.com\/index.php?rest_route=%2Fwp%2Fv2%2Fmedia&parent=70"}],"curies":[{"name":"wp","href":"https:\/\/api.w.org\/{rel}","templated":true}]}}