{"id":68,"date":"2016-01-26T18:48:00","date_gmt":"2016-01-26T18:48:00","guid":{"rendered":"https:\/\/fiarse.wordpress.com\/?page_id=68"},"modified":"2017-02-18T18:50:41","modified_gmt":"2017-02-18T17:50:41","slug":"desproteccion-de-los-consumidores-2","status":"publish","type":"page","link":"http:\/\/fiarse.com\/?page_id=68","title":{"rendered":"Desprotecci\u00f3n de los consumidores"},"content":{"rendered":"<p class=\"font_7\">Seg\u00fan el \u00faltimo informe del Defensor del Pueblo, sobre estad\u00edsticas del 2012, los datos son estremecedores:<\/p>\n<p class=\"font_7\">Los ciudadanos enviaron al Defensor del Pueblo 4.974 quejas relacionadas con asuntos econ\u00f3micos (4.825 quejas individuales y 149 agrupadas, es decir, las quejas firmadas de forma individual pero que persiguen el mismo fin).*<\/p>\n<p class=\"font_7\" align=\"JUSTIFY\"><img loading=\"lazy\" decoding=\"async\" class=\"wp-image-85 size-medium alignright\" src=\"http:\/\/fiarse.com\/wp-content\/uploads\/2016\/01\/clause-67401_640.jpg?w=300\" alt=\"\" width=\"300\" height=\"225\" srcset=\"http:\/\/fiarse.com\/wp-content\/uploads\/2016\/01\/clause-67401_640.jpg 640w, http:\/\/fiarse.com\/wp-content\/uploads\/2016\/01\/clause-67401_640-300x225.jpg 300w\" sizes=\"(max-width: 300px) 100vw, 300px\" \/><\/p>\n<p class=\"font_7\">El Servicio de Reclamaciones del Banco de Espa\u00f1a en su informe anual sobre el 2012:<\/p>\n<p class=\"font_7\">\u201cDurante el a\u00f1o 2012 se han atendido en el Servicio de Reclamaciones 43.647 nuevos casos presentados por los usuarios de servicios financieros&#8230;\u00bb<\/p>\n<p class=\"font_7\">El n\u00famero de reclamaciones recibidas por el Banco de Espa\u00f1a desde Asturias, en los a\u00f1os 2012 y 2011, 344 y 285 respectivamente.<\/p>\n<p class=\"font_7\">Nuestro proyecto intenta paliar, a peque\u00f1a escala y en el \u00e1mbito de Asturias, estas deficiencias.<\/p>\n<p class=\"font_7\">Bas\u00e1ndonos en un trabajo cualificado, realizado sin prisa pero sin pausa, analizando todos y cada uno de los factores ante los que el consumidor se encuentra y dejando, en \u00faltimo t\u00e9rmino, que sea nuestro cliente quien decida, pero consciente e informado de sus obligaciones, derechos y deberes.<\/p>\n<p class=\"font_7\">*Datos oficiales obtenidos en la web<\/p>\n<p class=\"font_7\" align=\"JUSTIFY\"><span style=\"color: #0000ff;\"><u><a href=\"http:\/\/www.defensordelpueblo.es\/es\/Documentacion\/Publicaciones\/anual\/\"><span style=\"font-family: Verdana, sans-serif;\">www.defensordelpueblo.es\/es\/Documentacion\/Publicaciones\/anual\/<\/span><\/a><\/u><\/span><\/p>\n<p class=\"font_7\" align=\"JUSTIFY\"><span style=\"color: #0000ff;\"><u><span style=\"font-family: Verdana, sans-serif;\"><a href=\"http:\/\/www.bde.es\/f\/webbde\/Secciones\/Publicaciones\/PublicacionesAnuales\/MemoriaServicioReclamaciones\/12\/Resumen_actividad.pdf\">http:\/\/www.bde.es\/f\/webbde\/Secciones\/Publicaciones\/PublicacionesAnuales\/MemoriaServicioReclamaciones\/12\/Resumen_actividad.pdf<\/a><\/span><\/u><\/span><\/p>\n","protected":false},"excerpt":{"rendered":"<p>Seg\u00fan el \u00faltimo informe del Defensor del Pueblo, sobre estad\u00edsticas del 2012, los datos son estremecedores: Los ciudadanos enviaron al Defensor del Pueblo 4.974 quejas relacionadas con asuntos econ\u00f3micos (4.825 quejas individuales y 149 agrupadas, es decir, las quejas firmadas de forma individual pero que persiguen el mismo fin).* El Servicio de Reclamaciones del Banco &hellip; <a href=\"http:\/\/fiarse.com\/?page_id=68\" class=\"more-link\">Sigue leyendo <span class=\"screen-reader-text\">Desprotecci\u00f3n de los consumidores<\/span><\/a><\/p>\n","protected":false},"author":1,"featured_media":0,"parent":0,"menu_order":0,"comment_status":"closed","ping_status":"closed","template":"","meta":{"jetpack_post_was_ever_published":false,"footnotes":""},"jetpack_sharing_enabled":true,"jetpack_shortlink":"https:\/\/wp.me\/P8pMEI-16","_links":{"self":[{"href":"http:\/\/fiarse.com\/index.php?rest_route=\/wp\/v2\/pages\/68"}],"collection":[{"href":"http:\/\/fiarse.com\/index.php?rest_route=\/wp\/v2\/pages"}],"about":[{"href":"http:\/\/fiarse.com\/index.php?rest_route=\/wp\/v2\/types\/page"}],"author":[{"embeddable":true,"href":"http:\/\/fiarse.com\/index.php?rest_route=\/wp\/v2\/users\/1"}],"replies":[{"embeddable":true,"href":"http:\/\/fiarse.com\/index.php?rest_route=%2Fwp%2Fv2%2Fcomments&post=68"}],"version-history":[{"count":1,"href":"http:\/\/fiarse.com\/index.php?rest_route=\/wp\/v2\/pages\/68\/revisions"}],"predecessor-version":[{"id":791,"href":"http:\/\/fiarse.com\/index.php?rest_route=\/wp\/v2\/pages\/68\/revisions\/791"}],"wp:attachment":[{"href":"http:\/\/fiarse.com\/index.php?rest_route=%2Fwp%2Fv2%2Fmedia&parent=68"}],"curies":[{"name":"wp","href":"https:\/\/api.w.org\/{rel}","templated":true}]}}