{"id":59,"date":"2016-01-22T20:32:20","date_gmt":"2016-01-22T20:32:20","guid":{"rendered":"https:\/\/fiarse.wordpress.com\/extrajudicial\/"},"modified":"2019-11-21T22:10:50","modified_gmt":"2019-11-21T21:10:50","slug":"extrajudicial","status":"publish","type":"page","link":"http:\/\/fiarse.com\/?page_id=59","title":{"rendered":"Extrajudicial"},"content":{"rendered":"<p class=\"font_7\">Aunque se ofrece a nuestros clientes un servicio integral, el objetivo de FIARSE es conseguir una soluci\u00f3n para nuestros clientes, bien a trav\u00e9s de formular reclamaciones extrajudiciales o bien a trav\u00e9s de la mediaci\u00f3n o el arbitraje con las empresas o compa\u00f1\u00edas involucradas, prevalenciendo siempre el inter\u00e9s de los usuarios y la defensa de sus derechos.<\/p>\n<p class=\"font_7\">Si la v\u00eda extrajudicial no consigue obtener un resultado satisfactorio para nuestros clientes, se iniciar\u00e1 una v\u00eda judicial para la restituci\u00f3n del perjuicio causado, siempre contando con la aceptaci\u00f3n expresa del cliente.<\/p>\n<p class=\"font_7\">En funci\u00f3n de la cuant\u00eda de la petici\u00f3n y los derechos lesionados, se optar\u00e1 por un juicio verbal que dependiendo de la cuant\u00eda de la reclamaci\u00f3n sigue un procedimiento sumario o bien un juicio ordinario por la v\u00eda civil.<\/p>\n","protected":false},"excerpt":{"rendered":"<p>Aunque se ofrece a nuestros clientes un servicio integral, el objetivo de FIARSE es conseguir una soluci\u00f3n para nuestros clientes, bien a trav\u00e9s de formular reclamaciones extrajudiciales o bien a trav\u00e9s de la mediaci\u00f3n o el arbitraje con las empresas o compa\u00f1\u00edas involucradas, prevalenciendo siempre el inter\u00e9s de los usuarios y la defensa de sus &hellip; <a href=\"http:\/\/fiarse.com\/?page_id=59\" class=\"more-link\">Sigue leyendo <span class=\"screen-reader-text\">Extrajudicial<\/span><\/a><\/p>\n","protected":false},"author":1,"featured_media":0,"parent":0,"menu_order":0,"comment_status":"closed","ping_status":"closed","template":"","meta":{"jetpack_post_was_ever_published":false,"footnotes":""},"jetpack_sharing_enabled":true,"jetpack_shortlink":"https:\/\/wp.me\/P8pMEI-X","_links":{"self":[{"href":"http:\/\/fiarse.com\/index.php?rest_route=\/wp\/v2\/pages\/59"}],"collection":[{"href":"http:\/\/fiarse.com\/index.php?rest_route=\/wp\/v2\/pages"}],"about":[{"href":"http:\/\/fiarse.com\/index.php?rest_route=\/wp\/v2\/types\/page"}],"author":[{"embeddable":true,"href":"http:\/\/fiarse.com\/index.php?rest_route=\/wp\/v2\/users\/1"}],"replies":[{"embeddable":true,"href":"http:\/\/fiarse.com\/index.php?rest_route=%2Fwp%2Fv2%2Fcomments&post=59"}],"version-history":[{"count":2,"href":"http:\/\/fiarse.com\/index.php?rest_route=\/wp\/v2\/pages\/59\/revisions"}],"predecessor-version":[{"id":1123,"href":"http:\/\/fiarse.com\/index.php?rest_route=\/wp\/v2\/pages\/59\/revisions\/1123"}],"wp:attachment":[{"href":"http:\/\/fiarse.com\/index.php?rest_route=%2Fwp%2Fv2%2Fmedia&parent=59"}],"curies":[{"name":"wp","href":"https:\/\/api.w.org\/{rel}","templated":true}]}}