{"id":53,"date":"2016-01-22T20:30:48","date_gmt":"2016-01-22T20:30:48","guid":{"rendered":"https:\/\/fiarse.wordpress.com\/?page_id=53"},"modified":"2019-11-21T22:18:46","modified_gmt":"2019-11-21T21:18:46","slug":"reclamacion","status":"publish","type":"page","link":"http:\/\/fiarse.com\/?page_id=53","title":{"rendered":"Reclamaci\u00f3n"},"content":{"rendered":"<div id=\"cuckinlineContent\" class=\"s16inlineContent\">\n<div id=\"WRchTxty-blc\" class=\"s4\">\n<p class=\"font_6\">Ponemos a disposici\u00f3n de nuestros clientes la experiencia acumulada en cientos de reclamaciones extrajudiciales sobre aquellos productos o servicios que hayan vulnerado nuestros derechos b\u00e1sicos, como por ejemplo:<\/p>\n<ul class=\"font_6\">\n<li>\n<p class=\"font_6\">Cl\u00e1usulas abusivas en los contratos (bancarios, telecomunicaciones, seguros, compra ventas on line, etc).<\/p>\n<\/li>\n<li>\n<p class=\"font_6\">Reclamaci\u00f3n de comisiones bancarias.<\/p>\n<\/li>\n<li>\n<p class=\"font_6\">Tarjetas de cr\u00e9dito y revolving.<\/p>\n<\/li>\n<li>\n<p class=\"font_6\">Inclusi\u00f3n indebida en Registros de Morosos.<\/p>\n<\/li>\n<li>\n<p class=\"font_6\">Compensaci\u00f3n econ\u00f3mica en caso de retraso o cancelaci\u00f3n de vuelos, overbooking o p\u00e9rdida de equipaje.<\/p>\n<\/li>\n<li>\n<p class=\"font_6\">Reclamaci\u00f3n a compa\u00f1\u00edas aseguradoras.<\/p>\n<\/li>\n<li>Redacci\u00f3n de contratos de arrendamiento, arras, etc<\/li>\n<\/ul>\n<\/div>\n<\/div>\n","protected":false},"excerpt":{"rendered":"<p>Ponemos a disposici\u00f3n de nuestros clientes la experiencia acumulada en cientos de reclamaciones extrajudiciales sobre aquellos productos o servicios que hayan vulnerado nuestros derechos b\u00e1sicos, como por ejemplo: Cl\u00e1usulas abusivas en los contratos (bancarios, telecomunicaciones, seguros, compra ventas on line, etc). Reclamaci\u00f3n de comisiones bancarias. Tarjetas de cr\u00e9dito y revolving. Inclusi\u00f3n indebida en Registros de &hellip; <a href=\"http:\/\/fiarse.com\/?page_id=53\" class=\"more-link\">Sigue leyendo <span class=\"screen-reader-text\">Reclamaci\u00f3n<\/span><\/a><\/p>\n","protected":false},"author":1,"featured_media":0,"parent":0,"menu_order":0,"comment_status":"closed","ping_status":"closed","template":"","meta":{"jetpack_post_was_ever_published":false,"footnotes":""},"jetpack_sharing_enabled":true,"jetpack_shortlink":"https:\/\/wp.me\/P8pMEI-R","_links":{"self":[{"href":"http:\/\/fiarse.com\/index.php?rest_route=\/wp\/v2\/pages\/53"}],"collection":[{"href":"http:\/\/fiarse.com\/index.php?rest_route=\/wp\/v2\/pages"}],"about":[{"href":"http:\/\/fiarse.com\/index.php?rest_route=\/wp\/v2\/types\/page"}],"author":[{"embeddable":true,"href":"http:\/\/fiarse.com\/index.php?rest_route=\/wp\/v2\/users\/1"}],"replies":[{"embeddable":true,"href":"http:\/\/fiarse.com\/index.php?rest_route=%2Fwp%2Fv2%2Fcomments&post=53"}],"version-history":[{"count":2,"href":"http:\/\/fiarse.com\/index.php?rest_route=\/wp\/v2\/pages\/53\/revisions"}],"predecessor-version":[{"id":1125,"href":"http:\/\/fiarse.com\/index.php?rest_route=\/wp\/v2\/pages\/53\/revisions\/1125"}],"wp:attachment":[{"href":"http:\/\/fiarse.com\/index.php?rest_route=%2Fwp%2Fv2%2Fmedia&parent=53"}],"curies":[{"name":"wp","href":"https:\/\/api.w.org\/{rel}","templated":true}]}}