{"id":51,"date":"2016-01-22T20:27:58","date_gmt":"2016-01-22T20:27:58","guid":{"rendered":"https:\/\/fiarse.wordpress.com\/?page_id=51"},"modified":"2016-01-22T20:27:58","modified_gmt":"2016-01-22T20:27:58","slug":"asesoramiento","status":"publish","type":"page","link":"http:\/\/fiarse.com\/?page_id=51","title":{"rendered":"Asesoramiento"},"content":{"rendered":"<div id=\"WRchTxt4-qqe\" class=\"s4\">\n<p class=\"font_7\">Los consumidores cada vez m\u00e1s preocupados por sus intereses y derechos tienen\u00a0dudas y consultas sobre las condiciones contractuales\u00a0que las grandes compa\u00f1\u00edas les ofrecen a diario: dep\u00f3sitos, tarjetas de cr\u00e9dito o d\u00e9bito, hipotecas, fondos de inversi\u00f3n, acciones, deuda,\u00a0planes de pensiones, tarifas planas, viajes combinados, por poner un ejemplo.<\/p>\n<p class=\"font_7\">Cuando el usuario muestre dudas a cerca de la conveniencia o no de contrataci\u00f3n de un producto o\u00a0considere que existen cl\u00e1usulas con las que no est\u00e1 de acuerdo, \u00e9se ser\u00e1 el momento en el que deber\u00e1 contactar con\u00a0FIARSE\u00a0para recibir una completa e imparcial informaci\u00f3n.<\/p>\n<\/div>\n","protected":false},"excerpt":{"rendered":"<p>Los consumidores cada vez m\u00e1s preocupados por sus intereses y derechos tienen\u00a0dudas y consultas sobre las condiciones contractuales\u00a0que las grandes compa\u00f1\u00edas les ofrecen a diario: dep\u00f3sitos, tarjetas de cr\u00e9dito o d\u00e9bito, hipotecas, fondos de inversi\u00f3n, acciones, deuda,\u00a0planes de pensiones, tarifas planas, viajes combinados, por poner un ejemplo. Cuando el usuario muestre dudas a cerca de &hellip; <a href=\"http:\/\/fiarse.com\/?page_id=51\" class=\"more-link\">Sigue leyendo <span class=\"screen-reader-text\">Asesoramiento<\/span><\/a><\/p>\n","protected":false},"author":1,"featured_media":0,"parent":0,"menu_order":0,"comment_status":"closed","ping_status":"closed","template":"","meta":{"jetpack_post_was_ever_published":false,"footnotes":""},"jetpack_sharing_enabled":true,"jetpack_shortlink":"https:\/\/wp.me\/P8pMEI-P","_links":{"self":[{"href":"http:\/\/fiarse.com\/index.php?rest_route=\/wp\/v2\/pages\/51"}],"collection":[{"href":"http:\/\/fiarse.com\/index.php?rest_route=\/wp\/v2\/pages"}],"about":[{"href":"http:\/\/fiarse.com\/index.php?rest_route=\/wp\/v2\/types\/page"}],"author":[{"embeddable":true,"href":"http:\/\/fiarse.com\/index.php?rest_route=\/wp\/v2\/users\/1"}],"replies":[{"embeddable":true,"href":"http:\/\/fiarse.com\/index.php?rest_route=%2Fwp%2Fv2%2Fcomments&post=51"}],"version-history":[{"count":0,"href":"http:\/\/fiarse.com\/index.php?rest_route=\/wp\/v2\/pages\/51\/revisions"}],"wp:attachment":[{"href":"http:\/\/fiarse.com\/index.php?rest_route=%2Fwp%2Fv2%2Fmedia&parent=51"}],"curies":[{"name":"wp","href":"https:\/\/api.w.org\/{rel}","templated":true}]}}