{"id":49,"date":"2016-01-22T20:09:20","date_gmt":"2016-01-22T20:09:20","guid":{"rendered":"https:\/\/fiarse.wordpress.com\/?page_id=49"},"modified":"2016-01-22T20:09:20","modified_gmt":"2016-01-22T20:09:20","slug":"informacion","status":"publish","type":"page","link":"http:\/\/fiarse.com\/?page_id=49","title":{"rendered":"Informaci\u00f3n"},"content":{"rendered":"<p>Las dudas, consultas o problemas concretos que tengan nuestros clientes encontrar\u00e1n respuestas en FIARSE.\u00a0 Desde un punto de vista jur\u00eddico, pero a la vez, f\u00e1cilmente entendible y comprensible para las personas que carecen de conocimientos espec\u00edficos en temas financieros.<\/p>\n<p>Les informaremos de las v\u00edas de reclamaci\u00f3n existentes o de las posibilidades de negociaci\u00f3n que tienen frente a las condiciones que su banco, entidad financiera o compa\u00f1\u00eda de suministros, les ofrece respecto a cualquier producto.<\/p>\n","protected":false},"excerpt":{"rendered":"<p>Las dudas, consultas o problemas concretos que tengan nuestros clientes encontrar\u00e1n respuestas en FIARSE.\u00a0 Desde un punto de vista jur\u00eddico, pero a la vez, f\u00e1cilmente entendible y comprensible para las personas que carecen de conocimientos espec\u00edficos en temas financieros. Les informaremos de las v\u00edas de reclamaci\u00f3n existentes o de las posibilidades de negociaci\u00f3n que tienen &hellip; <a href=\"http:\/\/fiarse.com\/?page_id=49\" class=\"more-link\">Sigue leyendo <span class=\"screen-reader-text\">Informaci\u00f3n<\/span><\/a><\/p>\n","protected":false},"author":1,"featured_media":0,"parent":0,"menu_order":0,"comment_status":"closed","ping_status":"closed","template":"","meta":{"jetpack_post_was_ever_published":false,"footnotes":""},"jetpack_sharing_enabled":true,"jetpack_shortlink":"https:\/\/wp.me\/P8pMEI-N","_links":{"self":[{"href":"http:\/\/fiarse.com\/index.php?rest_route=\/wp\/v2\/pages\/49"}],"collection":[{"href":"http:\/\/fiarse.com\/index.php?rest_route=\/wp\/v2\/pages"}],"about":[{"href":"http:\/\/fiarse.com\/index.php?rest_route=\/wp\/v2\/types\/page"}],"author":[{"embeddable":true,"href":"http:\/\/fiarse.com\/index.php?rest_route=\/wp\/v2\/users\/1"}],"replies":[{"embeddable":true,"href":"http:\/\/fiarse.com\/index.php?rest_route=%2Fwp%2Fv2%2Fcomments&post=49"}],"version-history":[{"count":0,"href":"http:\/\/fiarse.com\/index.php?rest_route=\/wp\/v2\/pages\/49\/revisions"}],"wp:attachment":[{"href":"http:\/\/fiarse.com\/index.php?rest_route=%2Fwp%2Fv2%2Fmedia&parent=49"}],"curies":[{"name":"wp","href":"https:\/\/api.w.org\/{rel}","templated":true}]}}