{"id":42,"date":"2016-01-22T19:51:57","date_gmt":"2016-01-22T19:51:57","guid":{"rendered":"https:\/\/fiarse.wordpress.com\/?page_id=42"},"modified":"2017-02-18T18:50:15","modified_gmt":"2017-02-18T17:50:15","slug":"formacion","status":"publish","type":"page","link":"http:\/\/fiarse.com\/?page_id=42","title":{"rendered":"Formaci\u00f3n"},"content":{"rendered":"<p class=\"font_7\">Se ofrecen talleres y charlas espec\u00edficas sobre distintas \u00e1reas del mundo del consumo tales como:<\/p>\n<ul class=\"font_7\">\n<li>\n<p class=\"font_7\">\u00a0\u00bfCu\u00e1les son nuestros derechos como consumidores amparados por las Leyes?<\/p>\n<\/li>\n<\/ul>\n<ul class=\"font_7\">\n<li>\n<p class=\"font_7\">Consejos para reclamar: v\u00edas, plazos, respuestas, redacci\u00f3n de la reclamaci\u00f3n o queja y v\u00eda judicial.<\/p>\n<\/li>\n<\/ul>\n<ul class=\"font_7\">\n<li>\n<p class=\"font_7\">Productos\u00a0financieros b\u00e1sicos.<\/p>\n<\/li>\n<\/ul>\n<ul class=\"font_7\">\n<li>\n<p class=\"font_7\">La hipoteca, esa gran desconocida.<\/p>\n<\/li>\n<\/ul>\n<ul class=\"font_7\">\n<li>\n<p class=\"font_7\">Banca on line y compras on line.<\/p>\n<\/li>\n<\/ul>\n<ul class=\"font_7\">\n<li>\n<p class=\"font_7\">Tarjetas financieras.<\/p>\n<\/li>\n<\/ul>\n<ul class=\"font_7\">\n<li>\n<p class=\"font_7\">Listados de morosos y c\u00f3mo salir de ellos.<\/p>\n<\/li>\n<\/ul>\n<ul class=\"font_7\">\n<li>\n<p class=\"font_7\">Productos de ahorro e inversi\u00f3n.<\/p>\n<\/li>\n<li>\n<p class=\"font_7\">Nuestros derechos como usuarios de transporte a\u00e9reo.<\/p>\n<\/li>\n<\/ul>\n<ul class=\"font_7\">\n<li>\n<p class=\"font_7\">Reclamaci\u00f3n extrajudicial. Banco de Espa\u00f1a, CNMV y DG de Planes de \u00a0 \u00a0Pensiones y Seguros.<\/p>\n<\/li>\n<\/ul>\n<ul class=\"font_7\">\n<li>\n<p class=\"font_7\">Contrataci\u00f3n de productos de telecomunicaciones y v\u00edas de reclamaci\u00f3n.<\/p>\n<\/li>\n<\/ul>\n<ul class=\"font_7\">\n<li>\n<p class=\"font_7\">\u00a0C\u00f3mo gestionar nuestro presupuesto b\u00e1sico mensual y anual.<\/p>\n<\/li>\n<\/ul>\n<ul class=\"font_7\">\n<li>\n<p class=\"font_7\">Tratamiento de datos personales.<\/p>\n<\/li>\n<\/ul>\n<p class=\"font_7\">Se elaborar\u00e1n charlas y\u00a0talleres espec\u00edficos a solicitud del cliente.<\/p>\n","protected":false},"excerpt":{"rendered":"<p>Se ofrecen talleres y charlas espec\u00edficas sobre distintas \u00e1reas del mundo del consumo tales como: \u00a0\u00bfCu\u00e1les son nuestros derechos como consumidores amparados por las Leyes? Consejos para reclamar: v\u00edas, plazos, respuestas, redacci\u00f3n de la reclamaci\u00f3n o queja y v\u00eda judicial. Productos\u00a0financieros b\u00e1sicos. La hipoteca, esa gran desconocida. Banca on line y compras on line. Tarjetas &hellip; <a href=\"http:\/\/fiarse.com\/?page_id=42\" class=\"more-link\">Sigue leyendo <span class=\"screen-reader-text\">Formaci\u00f3n<\/span><\/a><\/p>\n","protected":false},"author":1,"featured_media":0,"parent":0,"menu_order":0,"comment_status":"closed","ping_status":"closed","template":"","meta":{"jetpack_post_was_ever_published":false,"footnotes":""},"jetpack_sharing_enabled":true,"jetpack_shortlink":"https:\/\/wp.me\/P8pMEI-G","_links":{"self":[{"href":"http:\/\/fiarse.com\/index.php?rest_route=\/wp\/v2\/pages\/42"}],"collection":[{"href":"http:\/\/fiarse.com\/index.php?rest_route=\/wp\/v2\/pages"}],"about":[{"href":"http:\/\/fiarse.com\/index.php?rest_route=\/wp\/v2\/types\/page"}],"author":[{"embeddable":true,"href":"http:\/\/fiarse.com\/index.php?rest_route=\/wp\/v2\/users\/1"}],"replies":[{"embeddable":true,"href":"http:\/\/fiarse.com\/index.php?rest_route=%2Fwp%2Fv2%2Fcomments&post=42"}],"version-history":[{"count":1,"href":"http:\/\/fiarse.com\/index.php?rest_route=\/wp\/v2\/pages\/42\/revisions"}],"predecessor-version":[{"id":790,"href":"http:\/\/fiarse.com\/index.php?rest_route=\/wp\/v2\/pages\/42\/revisions\/790"}],"wp:attachment":[{"href":"http:\/\/fiarse.com\/index.php?rest_route=%2Fwp%2Fv2%2Fmedia&parent=42"}],"curies":[{"name":"wp","href":"https:\/\/api.w.org\/{rel}","templated":true}]}}