{"id":170,"date":"2016-04-01T18:00:10","date_gmt":"2016-04-01T18:00:10","guid":{"rendered":"https:\/\/fiarse.wordpress.com\/?page_id=170"},"modified":"2019-11-21T22:05:10","modified_gmt":"2019-11-21T21:05:10","slug":"asesoramiento-legal","status":"publish","type":"page","link":"http:\/\/fiarse.com\/?page_id=170","title":{"rendered":"Asesoramiento Legal"},"content":{"rendered":"<p>Estamos inscritos en el Ilustr\u00edsimo Colegio Oficial de Abogados de Madrid (ICAM), aunque podemos ejercer en cualquier punto del pa\u00eds.<\/p>\n<p>Tenemos una experiencia profesional de m\u00e1s de 10 a\u00f1os en el \u00e1mbito del derecho del consumo, derecho bancario y financiero.<\/p>\n<p>Nos hemos especializado en reclamaciones de cl\u00e1usula suelo, deuda subordinada, participaciones preferentes, gastos hipotecarios y malas pr\u00e1cticas bancarias, en general.<\/p>\n<p>En otros \u00f3rdenes, son habituales las consultas en materia de arrendamientos urbanos\u00a0 y la reclamaci\u00f3n de multas.<\/p>\n<p>Creemos firmemente en la viabilidad del procedimiento extrajudicial como forma de resolver los conflictos, es una cuesti\u00f3n absolutamente necesaria antes de iniciar un procedimiento civil, el hecho de que exista una reclamaci\u00f3n previa en la v\u00eda extrajudicial.<\/p>\n<p>Tambi\u00e9n tenemos experiencia como mediadores y \u00e1rbitros, especialmente en el \u00e1mbito del arbitraje de consumo, siendo vocales de la Junta arbitral de consumo de Asturias, en la actualidad y del Ayuntamiento y Comunidad de Madrid, Majadahonda y Bilbao.<\/p>\n<p>Cuando, llegado el momento, sea necesario acudir a la v\u00eda judicial y nuestro cliente as\u00ed lo solicite, el \u00e1mbito de actuaci\u00f3n ser\u00e1 exclusivamente la v\u00eda civil, penal o mercantil.<\/p>\n<p><span style=\"color: #0000ff;\"><strong>FORMULARIO DE CONTACTO<\/strong><\/span><\/p>\n<div role=\"form\" class=\"wpcf7\" id=\"wpcf7-f777-o1\" lang=\"es-ES\" dir=\"ltr\">\n<div class=\"screen-reader-response\"><p role=\"status\" aria-live=\"polite\" aria-atomic=\"true\"><\/p> <ul><\/ul><\/div>\n<form action=\"\/index.php?rest_route=%2Fwp%2Fv2%2Fpages%2F170#wpcf7-f777-o1\" method=\"post\" class=\"wpcf7-form init\" novalidate=\"novalidate\" data-status=\"init\">\n<div style=\"display: none;\">\n<input type=\"hidden\" name=\"_wpcf7\" value=\"777\" \/>\n<input type=\"hidden\" name=\"_wpcf7_version\" value=\"5.6.4\" \/>\n<input type=\"hidden\" name=\"_wpcf7_locale\" value=\"es_ES\" \/>\n<input type=\"hidden\" name=\"_wpcf7_unit_tag\" value=\"wpcf7-f777-o1\" \/>\n<input type=\"hidden\" name=\"_wpcf7_container_post\" value=\"0\" \/>\n<input type=\"hidden\" name=\"_wpcf7_posted_data_hash\" value=\"\" \/>\n<\/div>\n<p><label> Nombre (requerido)<br \/>\n    <span class=\"wpcf7-form-control-wrap\" data-name=\"your-name\"><input type=\"text\" name=\"your-name\" value=\"\" size=\"40\" class=\"wpcf7-form-control wpcf7-text wpcf7-validates-as-required\" aria-required=\"true\" aria-invalid=\"false\" \/><\/span> <\/label><\/p>\n<p><label> Tu correo electr\u00f3nico (requerido)<br \/>\n    <span class=\"wpcf7-form-control-wrap\" data-name=\"your-email\"><input type=\"email\" name=\"your-email\" value=\"\" size=\"40\" class=\"wpcf7-form-control wpcf7-text wpcf7-email wpcf7-validates-as-required wpcf7-validates-as-email\" aria-required=\"true\" aria-invalid=\"false\" \/><\/span> <\/label><\/p>\n<p><label> Asunto<br \/>\n    <span class=\"wpcf7-form-control-wrap\" data-name=\"your-subject\"><input type=\"text\" name=\"your-subject\" value=\"\" size=\"40\" class=\"wpcf7-form-control wpcf7-text\" aria-invalid=\"false\" \/><\/span> <\/label><\/p>\n<p><label> Mensaje<br \/>\n    <span class=\"wpcf7-form-control-wrap\" data-name=\"your-message\"><textarea name=\"your-message\" cols=\"40\" rows=\"10\" class=\"wpcf7-form-control wpcf7-textarea\" aria-invalid=\"false\"><\/textarea><\/span> <\/label><\/p>\n<p><input type=\"submit\" value=\"Enviar\" class=\"wpcf7-form-control has-spinner wpcf7-submit\" \/><\/p>\n<p style=\"display: none !important;\" class=\"akismet-fields-container\" data-prefix=\"_wpcf7_ak_\"><label>&#916;<textarea name=\"_wpcf7_ak_hp_textarea\" cols=\"45\" rows=\"8\" maxlength=\"100\"><\/textarea><\/label><input type=\"hidden\" id=\"ak_js_1\" name=\"_wpcf7_ak_js\" value=\"51\"\/><script>document.getElementById( \"ak_js_1\" ).setAttribute( \"value\", ( new Date() ).getTime() );<\/script><\/p><div class=\"wpcf7-response-output\" aria-hidden=\"true\"><\/div><\/form><\/div>\n","protected":false},"excerpt":{"rendered":"<p>Estamos inscritos en el Ilustr\u00edsimo Colegio Oficial de Abogados de Madrid (ICAM), aunque podemos ejercer en cualquier punto del pa\u00eds. Tenemos una experiencia profesional de m\u00e1s de 10 a\u00f1os en el \u00e1mbito del derecho del consumo, derecho bancario y financiero. Nos hemos especializado en reclamaciones de cl\u00e1usula suelo, deuda subordinada, participaciones preferentes, gastos hipotecarios y &hellip; <a href=\"http:\/\/fiarse.com\/?page_id=170\" class=\"more-link\">Sigue leyendo <span class=\"screen-reader-text\">Asesoramiento Legal<\/span><\/a><\/p>\n","protected":false},"author":1,"featured_media":907,"parent":0,"menu_order":0,"comment_status":"closed","ping_status":"closed","template":"","meta":{"jetpack_post_was_ever_published":false,"footnotes":""},"jetpack_sharing_enabled":true,"jetpack_shortlink":"https:\/\/wp.me\/P8pMEI-2K","_links":{"self":[{"href":"http:\/\/fiarse.com\/index.php?rest_route=\/wp\/v2\/pages\/170"}],"collection":[{"href":"http:\/\/fiarse.com\/index.php?rest_route=\/wp\/v2\/pages"}],"about":[{"href":"http:\/\/fiarse.com\/index.php?rest_route=\/wp\/v2\/types\/page"}],"author":[{"embeddable":true,"href":"http:\/\/fiarse.com\/index.php?rest_route=\/wp\/v2\/users\/1"}],"replies":[{"embeddable":true,"href":"http:\/\/fiarse.com\/index.php?rest_route=%2Fwp%2Fv2%2Fcomments&post=170"}],"version-history":[{"count":3,"href":"http:\/\/fiarse.com\/index.php?rest_route=\/wp\/v2\/pages\/170\/revisions"}],"predecessor-version":[{"id":1120,"href":"http:\/\/fiarse.com\/index.php?rest_route=\/wp\/v2\/pages\/170\/revisions\/1120"}],"wp:featuredmedia":[{"embeddable":true,"href":"http:\/\/fiarse.com\/index.php?rest_route=\/wp\/v2\/media\/907"}],"wp:attachment":[{"href":"http:\/\/fiarse.com\/index.php?rest_route=%2Fwp%2Fv2%2Fmedia&parent=170"}],"curies":[{"name":"wp","href":"https:\/\/api.w.org\/{rel}","templated":true}]}}